{"id":1400,"date":"2024-01-31T20:02:23","date_gmt":"2024-01-31T20:02:23","guid":{"rendered":"https:\/\/mirkokrasovec.si\/home\/"},"modified":"2025-06-12T14:44:53","modified_gmt":"2025-06-12T14:44:53","slug":"home","status":"publish","type":"page","link":"https:\/\/mirkokrasovec.si\/en\/","title":{"rendered":"Home"},"content":{"rendered":"\n<div class=\"gb-element-e54da032\">\n<div class=\"gb-element-59b088d5 sticky\"><\/div>\n\n\n\n<div class=\"gb-element-8b5343c6 scroll-vsebina\">\n<div class=\"gb-element-79edd0e3\">\n<div class=\"wpml-ls-statics-shortcode_actions wpml-ls wpml-ls-legacy-dropdown-click js-wpml-ls-legacy-dropdown-click\">\n\t<ul>\n\n\t\t<li class=\"wpml-ls-slot-shortcode_actions wpml-ls-item wpml-ls-item-en wpml-ls-current-language wpml-ls-first-item wpml-ls-item-legacy-dropdown-click\">\n\n\t\t\t<a href=\"#\" class=\"js-wpml-ls-item-toggle wpml-ls-item-toggle\">\n                                                    <img decoding=\"async\"\n            class=\"wpml-ls-flag\"\n            src=\"https:\/\/mirkokrasovec.si\/wp-content\/plugins\/sitepress-multilingual-cms\/res\/flags\/en.svg\"\n            alt=\"\"\n            width=32\n            height=32\n    \/><span class=\"wpml-ls-native\">EN<\/span><\/a>\n\n\t\t\t<ul class=\"js-wpml-ls-sub-menu wpml-ls-sub-menu\">\n\t\t\t\t\n\t\t\t\t\t<li class=\"wpml-ls-slot-shortcode_actions wpml-ls-item wpml-ls-item-de\">\n\t\t\t\t\t\t<a href=\"https:\/\/mirkokrasovec.si\/de\/\" class=\"wpml-ls-link\">\n                                                                <img decoding=\"async\"\n            class=\"wpml-ls-flag\"\n            src=\"https:\/\/mirkokrasovec.si\/wp-content\/plugins\/sitepress-multilingual-cms\/res\/flags\/de.svg\"\n            alt=\"\"\n            width=32\n            height=32\n    \/><span class=\"wpml-ls-native\" lang=\"de\">DE<\/span><\/a>\n\t\t\t\t\t<\/li>\n\n\t\t\t\t\n\t\t\t\t\t<li class=\"wpml-ls-slot-shortcode_actions wpml-ls-item wpml-ls-item-sl wpml-ls-last-item\">\n\t\t\t\t\t\t<a href=\"https:\/\/mirkokrasovec.si\/\" class=\"wpml-ls-link\">\n                                                                <img decoding=\"async\"\n            class=\"wpml-ls-flag\"\n            src=\"https:\/\/mirkokrasovec.si\/wp-content\/plugins\/sitepress-multilingual-cms\/res\/flags\/sl.svg\"\n            alt=\"\"\n            width=32\n            height=32\n    \/><span class=\"wpml-ls-native\" lang=\"sl\">SL<\/span><\/a>\n\t\t\t\t\t<\/li>\n\n\t\t\t\t\t\t\t<\/ul>\n\n\t\t<\/li>\n\n\t<\/ul>\n<\/div>\n\n<\/div>\n\n\n\n<div class=\"blok-100\" id=\"knjiga\">\n<div class=\"max-content\">\n<h1 class=\"gb-text\">Conspiracy of Traitors<\/h1>\n\n\n\n<p class=\"gb-text gb-text-ccfcb879\">The book reveals the events and circumstances of the rise and systematic destruction of the economic system of the Archdiocese of Maribor, with a special focus on the holding companies Zvon ena and Zvon dva.<\/p>\n\n\n\n<p>The book is based on extensive documentation, the personal experience of the author, the contribution of Archbishop Dr. Franc Kramberger, the insights of the Vatican expert Msgr. Milan Sim\u010di\u0107, and the expert findings of renowned economists and lawyers regarding the great global economic and financial crisis of 2008\u20132012.<\/p>\n\n\n\n<p>The crisis situation facilitated the conspiracy of the traitors and allowed them to carry out the robbery of the century through systemic corruption, media deception of the public and demonisation of the economic management before the onset of the crisis. The misled public accepted the lie as the truth and reacted by wrongly condemning the scapegoats. <\/p>\n\n\n\n<p>In the civil and ecclesiastical spheres, goodwill, solidarity and prudence failed. The traitors abused the crisis and the situation of spirit and forced the bankruptcy of the Zvon Holdings. In doing so, they have severely damaged the Archdiocese of Maribor and its 35,427 small shareholders, and have caused distrust of the Church.<\/p>\n\n\n\n<p>This book therefore pays a moral debt to the unjustly tarnished Archdiocese of Maribor and to the disappointed, treacherously defrauded shareholders. It offers for consideration an initiative to right the wrongs by concluding an economic agreement between the Holy See and the Republic of Slovenia. By analysing how humans respond to trials, the book reveals the basis of personal and systemic evil.<\/p>\n\n\n\n<a class=\"gb-text gb-text-0ddfc4ba\" href=\"#drugi-o-knjigi\">Others about the Book<\/a>\n\n\n\n<a class=\"gb-text gb-text-4df7177e\" href=\"#nakup\">Order a book<\/a>\n<\/div>\n<\/div>\n\n\n\n<div class=\"blok-100\" id=\"drugi-o-knjigi\">\n<div class=\"max-content\">\n<h2 class=\"gb-text\">Others about the Book<\/h2>\n\n\n\n<div class=\"citat\">\n<p class=\"gb-text citat-text\"><em>The trial of the author of Conspiracy of Traitors, Mirko Kra\u0161ovec, and the Archdiocese of Maribor has all the elements of a media trial: public accusation without evidence, manipulation of the crowd, undue process and media lynching. The traitors in this conspiracy diverted attention and popular anger from the real financial procedures in the banks to the institutions of the Church and certain individuals within it who followed economic theory and general banking practice.<\/em><\/p>\n\n\n\n<p class=\"gb-text citat-avtor\">prof. dr. Ludvik Toplak<\/p>\n<\/div>\n\n\n\n<div class=\"citat gb-element-4aaf20cc\">\n<p class=\"gb-text citat-text\"><em>The book reveals the methods and the organisation of the lobby behind the systemic corruption in the looting of Slovenian assets in the hands of the Archdiocese of Maribor and the small shareholders of Zvon ena and dva. The same methods were used in the \u201crehabilitation\u201d of the banks. The financial \u201csharks,\u201d as they were called by the media, first forced an official valuation of the assets of Zvon holdings and the banks to zero, and then sold them off to foreign capital.<\/em><\/p>\n\n\n\n<p class=\"gb-text citat-avtor\">zasl. prof. dr. Peter Glavi\u010d<\/p>\n<\/div>\n<\/div>\n<\/div>\n\n\n\n<div class=\"blok-100\" id=\"ozadje\">\n<div class=\"max-content\">\n<h2 class=\"gb-text\">Rehabilitating the Church by exposing systemic corruption<\/h2>\n\n\n\n<p>At the beginning of 2021, ten years had passed since the financial collapse of the Archdiocese of Maribor, but among the primary victims of the conspiracy and the traitors there was still no willingness to participate in the preparation of an authentic account of the actual management of the Archdiocese of Maribor on the basis of archival documentation. As the public was still being misled by this, and the anti-religious propaganda in some media was even intensifying, I started to edit the documentation myself and to prepare the final text for the book. I was driven by the desire to see the unjustly tarnished Archdiocese of Maribor, to which I had been devoted for decades, properly rehabilitated; the public needs to know the truth that the traitors have trampled on; the public needs to know who really caused the financial collapse of the Zvon Holdings, thus harming the Archdiocese of Maribor and 35,427 small shareholders; the public must know that the traitors carried out \u201cthe manipulation of the millennium.\u201d Manipulation of this kind, which is reminiscent of the workings of demonic forces, must be exposed in the spirit of the Gospel.<\/p>\n\n\n\n<img loading=\"lazy\" decoding=\"async\" width=\"629\" height=\"72\" class=\"gb-media-66d583f7\" alt=\"\" src=\"https:\/\/mirkokrasovec.si\/wp-content\/uploads\/2025\/05\/podpis.webp\" title=\"podpis\" srcset=\"https:\/\/mirkokrasovec.si\/wp-content\/uploads\/2025\/05\/podpis.webp 629w, https:\/\/mirkokrasovec.si\/wp-content\/uploads\/2025\/05\/podpis-300x34.webp 300w\" sizes=\"auto, (max-width: 629px) 100vw, 629px\" \/>\n\n\n\n<a class=\"gb-text-9ebf1b11\" href=\"#nakup\"><span class=\"gb-text\">Order a book<\/span><\/a>\n<\/div>\n<\/div>\n\n\n\n<div class=\"blok-100\" id=\"avtor\">\n<div class=\"max-content\">\n<h2 class=\"gb-text\">About the Author<\/h2>\n\n\n\n<img loading=\"lazy\" decoding=\"async\" width=\"600\" height=\"800\" class=\"gb-media-c9cabc06\" alt=\"\" src=\"https:\/\/mirkokrasovec.si\/wp-content\/uploads\/2025\/05\/mirko-krasovec.webp\" title=\"mirko-krasovec\" srcset=\"https:\/\/mirkokrasovec.si\/wp-content\/uploads\/2025\/05\/mirko-krasovec.webp 600w, https:\/\/mirkokrasovec.si\/wp-content\/uploads\/2025\/05\/mirko-krasovec-225x300.webp 225w\" sizes=\"auto, (max-width: 600px) 100vw, 600px\" \/>\n\n\n\n<p>I was born on 18 July 1947 at Sodna vas near Pod\u010detrtek. I attended primary school in Pod\u010detrtek and then the II. gimnazija Maribor (Second National High School). I studied theology at the Faculty of Theology in Ljubljana and Maribor. In 1972 I was ordained a priest. From August 1972 to March 1985 I did pastoral work in Pod\u010detrtek, Olimje and Bu\u010de, first as a spiritual assistant and parish administrator, and later as parish priest in Pod\u010detrtek. This was a time of intensive pastoral work with the faithful, as well as a time of renovation and construction of church buildings.<\/p>\n\n\n\n<p>From March 1985 to 15 November 2010 I was the Diocesan economist in Maribor, and from March 1985 to August 1994 I was also the economist of the Theological Seminary. In July 1999 I was appointed Cathedral Canon. After my dismissal from the office of the Canon of the Cathedral (15 November 2010), I carried out pastoral work as a parish administrator in the parishes of Sv. Jurij v Slovenskih Goricah, Brezno ob Dravi and Rem\u0161nik. From 26 February 2013 to 9 June 2017 I was in \u201cexile\u201d in the Monastery of St Paul in Austrian Carinthia, where I had good conditions for working through the documentation for this book.<\/p>\n\n\n\n<p>From 2012 to 2020, civil trials were held in Celje and Ljubljana on false accusations in relation to the Betnava project and the Mladinska Knjiga shares. In this context, I served a \u201cweekend\u201d imprisonment in Rogoza Prison from 9 June 2017 to 14. September 2017. In 2018 and 2019, both trials ended in acquittals; in 2019 and 2020 the acquittals became legally valid. I have thus been cleared of all charges. In 2019, I was reinstated in pastoral ministry. From 24 October 2019 to 1 August 2021, I worked in the parish of Sv. Andra\u017e v Slovenskih goricah, first as a spiritual assistant and from 1 August 2021 as a parish administrator. My permanent residence is in Drbetinci in municipality of Sveti Andra\u017e v Slovenskih goricah.<\/p>\n<\/div>\n<\/div>\n\n\n\n<div class=\"blok-100\" id=\"nakup\">\n<div class=\"max-content\">\n<h2 class=\"gb-text\">Order a Book<\/h2>\n\n\n\n<p class=\"gb-text gb-text-fbc49a2a\">Book price: <strong>77,77 \u20ac<\/strong><\/p>\n\n\n\n<p class=\"gb-text gb-text-53e25278\">Packaging and postage: <strong>5,75 \u20ac<\/strong> (Slovenia) \/ <strong>9,75 \u20ac<\/strong> (abroad)<\/p>\n\n\n\n<p>You will receive an invoice including postage to your e-mail address. After the invoice is settled, we will send you the book. You can also order the book by phone on <a href=\"tel:0038641615136\">041 615 136<\/a> and <a href=\"tel:0038670745944\">070 745 944<\/a>.<\/p>\n\n\n\n<div class=\"wp-block-contact-form-7-contact-form-selector\">\n<div class=\"wpcf7 no-js\" id=\"wpcf7-f1408-o1\" lang=\"en-US\" dir=\"ltr\" data-wpcf7-id=\"1408\">\n<div class=\"screen-reader-response\"><p role=\"status\" aria-live=\"polite\" aria-atomic=\"true\"><\/p> <ul><\/ul><\/div>\n<form action=\"\/en\/wp-json\/wp\/v2\/pages\/1400#wpcf7-f1408-o1\" method=\"post\" class=\"wpcf7-form init\" aria-label=\"Contact form\" novalidate=\"novalidate\" data-status=\"init\">\n<div style=\"display: none;\">\n<input type=\"hidden\" name=\"_wpcf7\" value=\"1408\" \/>\n<input type=\"hidden\" name=\"_wpcf7_version\" value=\"6.0.6\" \/>\n<input type=\"hidden\" name=\"_wpcf7_locale\" value=\"en_US\" \/>\n<input type=\"hidden\" name=\"_wpcf7_unit_tag\" value=\"wpcf7-f1408-o1\" \/>\n<input type=\"hidden\" name=\"_wpcf7_container_post\" value=\"0\" \/>\n<input type=\"hidden\" name=\"_wpcf7_posted_data_hash\" value=\"\" \/>\n<input type=\"hidden\" name=\"_wpcf7_recaptcha_response\" value=\"\" \/>\n<\/div>\n<div class=\"form-fields\">\r\n<label> Name and surname of the subscriber\r\n    <span class=\"wpcf7-form-control-wrap\" data-name=\"your-name\"><input size=\"40\" maxlength=\"400\" class=\"wpcf7-form-control wpcf7-text wpcf7-validates-as-required\" autocomplete=\"name\" aria-required=\"true\" aria-invalid=\"false\" value=\"\" type=\"text\" name=\"your-name\" \/><\/span> <\/label>\r\n\r\n<label> Address of the subscriber\r\n    <span class=\"wpcf7-form-control-wrap\" data-name=\"your-address\"><input size=\"40\" maxlength=\"400\" class=\"wpcf7-form-control wpcf7-text wpcf7-validates-as-required\" autocomplete=\"street-address\" aria-required=\"true\" aria-invalid=\"false\" value=\"\" type=\"text\" name=\"your-address\" \/><\/span> <\/label>\r\n\r\n<label> Postal code\r\n    <span class=\"wpcf7-form-control-wrap\" data-name=\"your-post\"><input class=\"wpcf7-form-control wpcf7-number wpcf7-validates-as-required wpcf7-validates-as-number\" autocomplete=\"postal-code\" aria-required=\"true\" aria-invalid=\"false\" value=\"\" type=\"number\" name=\"your-post\" \/><\/span> <\/label>\r\n\r\n<label> Place\r\n    <span class=\"wpcf7-form-control-wrap\" data-name=\"your-city\"><input size=\"40\" maxlength=\"400\" class=\"wpcf7-form-control wpcf7-text wpcf7-validates-as-required\" autocomplete=\"address-level2\" aria-required=\"true\" aria-invalid=\"false\" value=\"\" type=\"text\" name=\"your-city\" \/><\/span> <\/label>\r\n\r\n<label> Country\r\n<span class=\"wpcf7-form-control-wrap\" data-name=\"drzava\"><input size=\"40\" class=\"wpcf7-form-control wpcf7-countrytext wpcf7-validates-as-required wpcf7-text wpcf7-validates-as-countrytext\" aria-required=\"true\" aria-invalid=\"false\" value=\"\" type=\"text\" name=\"drzava\" \/><\/span> <\/label>\r\n\r\n<label> Your e-mail\r\n    <span class=\"wpcf7-form-control-wrap\" data-name=\"your-email\"><input size=\"40\" maxlength=\"400\" class=\"wpcf7-form-control wpcf7-email wpcf7-validates-as-required wpcf7-text wpcf7-validates-as-email\" autocomplete=\"email\" aria-required=\"true\" aria-invalid=\"false\" value=\"\" type=\"email\" name=\"your-email\" \/><\/span> <\/label>\r\n\r\n<label> Your telephone\r\n    <span class=\"wpcf7-form-control-wrap\" data-name=\"your-tel\"><input size=\"40\" maxlength=\"400\" class=\"wpcf7-form-control wpcf7-tel wpcf7-validates-as-required wpcf7-text wpcf7-validates-as-tel\" autocomplete=\"tel\" aria-required=\"true\" aria-invalid=\"false\" value=\"\" type=\"tel\" name=\"your-tel\" \/><\/span> <\/label>\r\n\r\n<label> Number of copies of the book\r\n    <span class=\"wpcf7-form-control-wrap\" data-name=\"your-items\"><input class=\"wpcf7-form-control wpcf7-number wpcf7-validates-as-required wpcf7-validates-as-number\" min=\"1\" step=\"1\" aria-required=\"true\" aria-invalid=\"false\" value=\"1\" type=\"number\" name=\"your-items\" \/><\/span> <\/label>\r\n<\/div>\r\n<input class=\"wpcf7-form-control wpcf7-submit has-spinner\" type=\"submit\" value=\"Order\" \/><div class=\"wpcf7-response-output\" aria-hidden=\"true\"><\/div>\n<\/form>\n<\/div>\n<\/div>\n\n\n\n<div class=\"gb-element-db0f2d4d hide-msg\" id=\"success-message\">\n<p class=\"gb-text gb-text-3a7de68b\"><strong>Thank you for your order!\n<\/strong>We have sent you payment information to the email address you provided.\nIf you have not received our email, please check your spam folder or write to us at <a href=\"mailto:knjigakrasovec@gmail.com\">knjigakrasovec@gmail.com<\/a>.<\/p>\n<\/div>\n<\/div>\n<\/div>\n<\/div>\n<\/div>\n","protected":false},"excerpt":{"rendered":"<p>Conspiracy of Traitors The book reveals the events and circumstances of the rise and systematic destruction of the economic system of the Archdiocese of Maribor, with a special focus on the holding companies Zvon ena and Zvon dva. The book is based on extensive documentation, the personal experience of the author, the contribution of Archbishop &#8230; <a title=\"Home\" class=\"read-more\" href=\"https:\/\/mirkokrasovec.si\/en\/\" aria-label=\"Read more about Home\">Read more<\/a><\/p>\n","protected":false},"author":1,"featured_media":0,"parent":0,"menu_order":0,"comment_status":"closed","ping_status":"closed","template":"","meta":{"inline_featured_image":false,"footnotes":""},"class_list":["post-1400","page","type-page","status-publish"],"_links":{"self":[{"href":"https:\/\/mirkokrasovec.si\/en\/wp-json\/wp\/v2\/pages\/1400","targetHints":{"allow":["GET"]}}],"collection":[{"href":"https:\/\/mirkokrasovec.si\/en\/wp-json\/wp\/v2\/pages"}],"about":[{"href":"https:\/\/mirkokrasovec.si\/en\/wp-json\/wp\/v2\/types\/page"}],"author":[{"embeddable":true,"href":"https:\/\/mirkokrasovec.si\/en\/wp-json\/wp\/v2\/users\/1"}],"replies":[{"embeddable":true,"href":"https:\/\/mirkokrasovec.si\/en\/wp-json\/wp\/v2\/comments?post=1400"}],"version-history":[{"count":6,"href":"https:\/\/mirkokrasovec.si\/en\/wp-json\/wp\/v2\/pages\/1400\/revisions"}],"predecessor-version":[{"id":1421,"href":"https:\/\/mirkokrasovec.si\/en\/wp-json\/wp\/v2\/pages\/1400\/revisions\/1421"}],"wp:attachment":[{"href":"https:\/\/mirkokrasovec.si\/en\/wp-json\/wp\/v2\/media?parent=1400"}],"curies":[{"name":"wp","href":"https:\/\/api.w.org\/{rel}","templated":true}]}}